{"id":105,"date":"2014-04-17T21:23:16","date_gmt":"2014-04-17T19:23:16","guid":{"rendered":"http:\/\/german-military.eu\/?page_id=105"},"modified":"2014-04-17T21:25:26","modified_gmt":"2014-04-17T19:25:26","slug":"zahlungs-und-lieferinformationen","status":"publish","type":"page","link":"http:\/\/german-military.eu\/?page_id=105","title":{"rendered":"Zahlungs- und Lieferinformationen"},"content":{"rendered":"<h3 style=\"text-align: center;\"><\/h3>\n<h1 style=\"text-align: center;\"><strong>Zahlung<\/strong><\/h1>\n<p>&nbsp;<\/p>\n<h3 style=\"text-align: center;\"><strong>Bezahlung vor Ort<\/strong><\/h3>\n<p style=\"text-align: center;\">Sie haben jederzeit die M\u00f6glichkeit den Artikel direkt bei uns abzuholen und zu bezahlen.<\/p>\n<h3 style=\"text-align: center;\"><strong>Vorkasse<\/strong><\/h3>\n<p style=\"text-align: center;\">Bezahlen Sie per \u00dcberweisung auf unser deutsches Bankkonto.<\/p>\n<h3 style=\"text-align: center;\"><strong>PayPal<\/strong><\/h3>\n<p style=\"text-align: center;\">Sofort bezahlen mit PayPal &#8211; ohne zus\u00e4tzliche Geb\u00fchren<\/p>\n<h1 style=\"text-align: center;\"><strong>Versand<\/strong><\/h1>\n<p style=\"text-align: center;\">Wir liefern sofort nach erfolgtem Geldeingang per DHL aus. Der Versand ist innerhalb Deutschland komplett <strong>kostenfrei und versichert.<\/strong><\/p>\n<p style=\"text-align: center;\">Die Versandkostenpauschale au\u00dferhalb von Deutschland betr\u00e4gt 20Euro inkl. versichertem Transport.<\/p>\n<p>&nbsp;<\/p>\n<h1 style=\"text-align: center;\"><\/h1>\n","protected":false},"excerpt":{"rendered":"<p>Zahlung &nbsp; Bezahlung vor Ort Sie haben jederzeit die M\u00f6glichkeit den Artikel direkt bei uns abzuholen und zu bezahlen. Vorkasse Bezahlen Sie per \u00dcberweisung auf unser deutsches Bankkonto. PayPal Sofort bezahlen mit PayPal &#8211; ohne zus\u00e4tzliche Geb\u00fchren Versand Wir liefern sofort nach erfolgtem Geldeingang per DHL aus. Der Versand ist innerhalb Deutschland komplett kostenfrei und &#8230; <a class=\"more-link\" href=\"http:\/\/german-military.eu\/?page_id=105\"><\/a><\/p>\n","protected":false},"author":1,"featured_media":0,"parent":0,"menu_order":0,"comment_status":"closed","ping_status":"closed","template":"","meta":[],"_links":{"self":[{"href":"http:\/\/german-military.eu\/index.php?rest_route=\/wp\/v2\/pages\/105"}],"collection":[{"href":"http:\/\/german-military.eu\/index.php?rest_route=\/wp\/v2\/pages"}],"about":[{"href":"http:\/\/german-military.eu\/index.php?rest_route=\/wp\/v2\/types\/page"}],"author":[{"embeddable":true,"href":"http:\/\/german-military.eu\/index.php?rest_route=\/wp\/v2\/users\/1"}],"replies":[{"embeddable":true,"href":"http:\/\/german-military.eu\/index.php?rest_route=%2Fwp%2Fv2%2Fcomments&post=105"}],"version-history":[{"count":4,"href":"http:\/\/german-military.eu\/index.php?rest_route=\/wp\/v2\/pages\/105\/revisions"}],"predecessor-version":[{"id":110,"href":"http:\/\/german-military.eu\/index.php?rest_route=\/wp\/v2\/pages\/105\/revisions\/110"}],"wp:attachment":[{"href":"http:\/\/german-military.eu\/index.php?rest_route=%2Fwp%2Fv2%2Fmedia&parent=105"}],"curies":[{"name":"wp","href":"https:\/\/api.w.org\/{rel}","templated":true}]}}