{"id":31,"date":"2014-04-17T15:09:47","date_gmt":"2014-04-17T13:09:47","guid":{"rendered":"http:\/\/german-military.eu\/wordpress\/?page_id=31"},"modified":"2020-07-20T18:58:14","modified_gmt":"2020-07-20T16:58:14","slug":"agb","status":"publish","type":"page","link":"http:\/\/german-military.eu\/?page_id=31","title":{"rendered":"AGB"},"content":{"rendered":"<p>Allgemeine Geschaftsbedingungen (AGB)<\/p>\n<p>Hier finden Sie wichtige Informationen \u00fcber das Einkaufen bei German Military Watches, Inh. Vaceslav Smirnov, Kronenstra\u00dfe 1, 76133 Karlsruhe. Die nachfolgenden Gesch\u00e4ftsbedingungen regeln das Vertragsverh\u00e4ltnis zwischen Ihnen und uns. Bitte lesen Sie sich daher die nachfolgenden Bedingungen aufmerksam durch.<\/p>\n<p>Sofern Sie gewerblicher K\u00e4ufer sind und eigene Allgemeine Gesch\u00e4ftsbedingungen verwenden, erkennen wir diese nicht an, sofern wir ihnen nicht ausdr\u00fccklich zustimmen.<\/p>\n<p>\u00a7 1 Vertragsschluss<\/p>\n<p>(1) Bei einem Kauf in unserem Shop gilt das folgende: Die Darstellung unserer Produkte im Webshop ist noch kein Vertragsangebot. Bei einer Bestellung im Online-Shop gibt der Kunde durch Anklicken des Buttons \u201eKaufen\u201c ein verbindliches Vertragsangebot ab. Nach der Bestellung versenden wir umgehend eine automatisierte elektronische Best\u00e4tigung, dass wir das Angebot erhalten haben. Diese E-Mail enth\u00e4lt keine Erkl\u00e4rung, dass wir das Angebot annehmen. Die Annahme des Angebots erfolgt erst durch eine gesonderte Annahmeerkl\u00e4rung per E-Mail oder durch den Versand der Ware nach sp\u00e4testens 2 Tagen. Erst mit dieser Annahme des Angebots kommt der Vertrag zustande.<\/p>\n<p>Bei einem Kauf \u00fcber die Plattform eBay kommt der Vertrag kommt entsprechend der Regelungen in den eBay-AGB zustande (vergleiche dort \u00a7 6).<\/p>\n<p>(2) Der Vertragstext von uns gespeichert und Ihnen auf Verlangen nach Vertragsschluss zugesandt.<\/p>\n<p>(3) Vertragssprache ist deutsch.<\/p>\n<p>\u00a7 2 Widerrufsbelehrung<\/p>\n<p>Soweit Sie Verbraucher sind, gilt das nachstehende Widerrufsrecht.<\/p>\n<p>Verbraucher ist jede nat\u00fcrliche Person, die ein Rechtsgesch\u00e4ft zu Zwecken abschlie\u00dft, die \u00fcberwiegend weder ihrer gewerblichen noch ihrer selbst\u00e4ndigen beruflichen T\u00e4tigkeit zugerechnet werden k\u00f6nnen.<br \/>\nBitte beachten Sie, dass das Widerrufsrecht nicht besteht bei Vertr\u00e4gen zur Lieferung von Waren, die nicht vorgefertigt sind und f\u00fcr deren Herstellung eine individuelle Auswahl oder Bestimmung durch Sie ma\u00dfgeblich ist oder die eindeutig auf Ihre pers\u00f6nlichen Bed\u00fcrfnisse des Verbrauchers zugeschnitten sind.<\/p>\n<p>Ansonsten gilt:<\/p>\n<p>Widerrufsrecht<\/p>\n<p>Sie haben das Recht, binnen vierzehn Tagen ohne Angabe von Gr\u00fcnden diesen Vertrag zu widerrufen.<\/p>\n<p>Die Widerrufsfrist betr\u00e4gt vierzehn Tage ab dem Tag, an dem Sie oder ein von Ihnen benannter Dritter, der nicht der Bef\u00f6rderer ist, die Ware in Besitz genommen hat.<\/p>\n<p>Um Ihr Widerrufsrecht auszu\u00fcben, m\u00fcssen Sie uns (GERMAN MILITARY WATCHES, Vaceslav Smirnov, Kronenstra\u00dfe 1, 76133 Karlsruhe, Tel: +49 (0) 721-91 51 725, E-mail: info@german-military.eu) mittels einer eindeutigen Erkl\u00e4rung (z. B. ein mit der Post versandter Brief oder E-Mail) \u00fcber Ihren Entschluss, diesen Vertrag zu widerrufen, informieren.<\/p>\n<p>Sie k\u00f6nnen daf\u00fcr das beigef\u00fcgte Muster-Widerrufsformular verwenden (siehe unten), das jedoch nicht vorgeschrieben ist. Sie k\u00f6nnen das Muster-Widerrufsformular oder eine andere eindeutige Erkl\u00e4rung auch auf unserer Webseite [www. http:\/\/german-military.eu\/&#8230;] elektronisch ausf\u00fcllen und \u00fcbermitteln. Machen Sie von dieser M\u00f6glichkeit Gebrauch, so werden wir Ihnen unverz\u00fcglich (z. B. per E-Mail) eine Best\u00e4tigung \u00fcber den Eingang eines solchen Widerrufs \u00fcbermitteln.<\/p>\n<p>Zur Wahrung der Widerrufsfrist reicht es aus, dass Sie die Mitteilung \u00fcber die Aus\u00fcbung des Widerrufsrechts vor Ablauf der Widerrufsfrist absenden.<br \/>\nMuster-Widerrufsformular<\/p>\n<p>(Wenn Sie den Vertrag widerrufen wollen, dann f\u00fcllen Sie bitte dieses Formular aus und senden Sie es zur\u00fcck.)<\/p>\n<p>An<br \/>\n\u2026<\/p>\n<p>Hiermit widerrufe(n) ich\/wir (*) den von mir\/uns (*) abgeschlossenen Vertrag \u00fcber den Kauf<br \/>\nder folgenden Waren (*)<\/p>\n<p>__________________________________________________________________________<br \/>\nBestellt am (*)\/erhalten am (*)<br \/>\n__________________________________________________________________________<br \/>\nName des\/der Verbraucher(s)<\/p>\n<p>___________________________________________________________________________<br \/>\nAnschrift des\/der Verbraucher(s)<br \/>\n___________________________________________________________________________<br \/>\nUnterschrift des\/der Verbraucher(s) (nur bei Mitteilung auf Papier)<br \/>\n_______________________________<br \/>\nDatum<\/p>\n<p>_______________<br \/>\n(*) Unzutreffendes streichen.<\/p>\n<p>Folgen des Widerrufs<\/p>\n<p>Wenn Sie diesen Vertrag widerrufen, haben wir Ihnen alle Zahlungen, die wir von Ihnen erhalten haben, einschlie\u00dflich der Lieferkosten (mit Ausnahme der zus\u00e4tzlichen Kosten, die sich daraus ergeben, dass Sie eine andere Art der Lieferung als die von uns angebotene, g\u00fcnstigste Standardlieferung gew\u00e4hlt haben), unverz\u00fcglich und sp\u00e4testens binnen vierzehn Tagen ab dem Tag zur\u00fcckzuzahlen, an dem die Mitteilung \u00fcber Ihren Widerruf dieses Vertrags bei uns eingegangen ist. F\u00fcr diese R\u00fcckzahlung verwenden wir dasselbe Zahlungsmittel, das Sie bei der urspr\u00fcnglichen Transaktion eingesetzt haben, es sei denn, mit Ihnen wurde ausdr\u00fccklich etwas anderes vereinbart; in keinem Fall werden Ihnen wegen dieser R\u00fcckzahlung Entgelte berechnet. Wir k\u00f6nnen die R\u00fcckzahlung verweigern, bis wir die Waren wieder zur\u00fcckerhalten haben oder bis Sie den Nachweis erbracht haben, dass Sie die Waren zur\u00fcckgesandt haben, je nachdem, welches der fr\u00fchere Zeitpunkt ist.<\/p>\n<p>Sie haben die Waren unverz\u00fcglich und in jedem Fall sp\u00e4testens binnen vierzehn Tagen ab dem Tag, an dem Sie uns \u00fcber den Widerruf dieses Vertrags unterrichten, an uns zur\u00fcckzusenden oder zu \u00fcbergeben. Die Frist ist gewahrt, wenn Sie die Waren vor Ablauf der Frist von vierzehn Tagen absenden. Sie tragen die unmittelbaren Kosten der R\u00fccksendung der Waren.<\/p>\n<p>Sie m\u00fcssen f\u00fcr einen etwaigen Wertverlust der Waren nur aufkommen, wenn dieser Wertverlust auf einen zur Pr\u00fcfung der Beschaffenheit, Eigenschaften und Funktionsweise der Waren nicht notwendigen Umgang mit ihnen zur\u00fcckzuf\u00fchren ist.<\/p>\n<p>\u00a73 Allgemeine Lieferungs- und Zahlungsbedingungen<\/p>\n<p>(1) Die bestellten Waren werden an die von Ihnen angegebene Lieferadresse versandt.<\/p>\n<p>(2) Alle Preise sind in Euro angegeben und beinhalten die gesetzliche Mehrwertsteuer. Die angegebenen Preise gelten pro St\u00fcck, sofern nicht ausdr\u00fccklich etwas anderes vermerkt ist.<\/p>\n<p>(3) Sollte ein Artikel nicht oder nicht innerhalb der angegebenen Zeit lieferbar sein, verpflichten wir uns, Sie unverz\u00fcglich \u00fcber die Nichtverf\u00fcgbarkeit zu unterrichten und etwa erhaltene Zahlungen unverz\u00fcglich zu erstatten.<\/p>\n<p>(4) Wir teilen Ihnen im Bestellvorgang mit, welche Zahlungsweisen wird akzeptieren.<br \/>\nBei Auswahl der Zahlungsart Vorkasse nennen wir Ihnen unsere Bankverbindung in der Auftragsbest\u00e4tigung. Der Rechnungsbetrag ist in diesem Fall binnen 10 Tagen auf unser Konto zu \u00fcberweisen. Bei Zahlung per Kreditkarte oder Bankeinzug erfolgt die Belastung Ihres Kontos mit Versand der Ware.<\/p>\n<p>(5) Die Versandkostenpauschale betr\u00e4gt in Deutschland EUR 7,00, bei Bestellungen per Nachnahme EUR 13,00. Jede Lieferung ist pauschal bis 500,00 Euro versichert. Auf Wunsch k\u00f6nnen Sie die Lieferung gesondert bzw. h\u00f6her versichern lassen, wobei wir Ihnen die damit verbundenen Zusatzkosten in Rechnung stellen m\u00fcssen.<\/p>\n<p>(6) Ein Aufrechnungsrecht besteht nur, wenn die Gegenanspr\u00fcche unbestritten oder rechtskr\u00e4ftig festgestellt sind. Sie sind zur Aus\u00fcbung eines Zur\u00fcckbehaltungsrecht insoweit befugt, als Ihr Gegenanspruch auf demselben Vertragsverh\u00e4ltnis beruht.<\/p>\n<p>\u00a7 4 Eigentumsvorbehalt<\/p>\n<p>Wir behalten uns das Eigentum an der Ware bis zur vollst\u00e4ndigen Zahlung des Kaufpreises vor. Sie sind verpflichtet, die Ware w\u00e4hrend der Zeit des Eigentumsvorbehalts pfleglich zu behandeln.<\/p>\n<p>\u00a7 5 Gew\u00e4hrleistung<\/p>\n<p>Es gilt die gesetzliche Gew\u00e4hrleistung. Die Verj\u00e4hrungsfrist betr\u00e4gt zwei Jahre ab Ablieferung der Ware. Bei gebrauchten Waren betr\u00e4gt die Frist \u2013 sofern Sie Verbraucher sind \u2013 1 Jahr. Wenn Sie kein Verbraucher sind, ist bei gebrauchten Waren die Gew\u00e4hrleistung ausgeschlossen<\/p>\n<p>\u00a7 6 Garantien<\/p>\n<p>Soweit bei der Beschreibung der Ware auf eine Herstellergarantie verwiesen wird, gilt diese Garantie weltweit und f\u00fcr einen Zeitraum von 24 Monaten ab Kaufdatum. Garantiegeber ist German Military Watches, Herr Vaceslav Smirnov, Kronenstra\u00dfe 1, 76133 Karlsruhe<\/p>\n<p>Durch die Garantie werden die gesetzlichen Rechte, insbesondere Gew\u00e4hrleistungsanspr\u00fcche, nicht beschr\u00e4nkt. Das gilt unabh\u00e4ngig davon, ob die Garantie in Anspruch genommen wird oder nicht.<\/p>\n<p>\u00a7 7 Haftungsbeschr\u00e4nkungen<\/p>\n<p>Bei leicht fahrl\u00e4ssigen Pflichtverletzungen beschr\u00e4nkt sich unsere Haftung auf den nach der Art der Ware vorhersehbaren, vertragstypischen Durchschnittsschaden. Dies gilt auch bei leicht fahrl\u00e4ssigen Pflichtverletzungen unserer gesetzlichen Vertreter oder Erf\u00fcllungsgehilfen. Die vorstehenden Haftungsbeschr\u00e4nkungen betreffen nicht Anspr\u00fcche aus Produkthaftung. Weiter gelten die Haftungsbeschr\u00e4nkungen nicht f\u00fcr Sch\u00e4den aus der Verletzung des Lebens, des K\u00f6rpers oder der Gesundheit.<\/p>\n<p>Sie wissen, dass der Zugriff auf die bei eBay gespeicherten Daten soweit erforderlich von eBay zur Verf\u00fcgung gestellt werden. Fehlerhafte Daten\u00fcbermittlungen, die auf Schnittstellenprobleme zur\u00fcckzuf\u00fchren sind, stellen deshalb keine schuldhafte Pflichtverletzung unsererseits dar.<\/p>\n<p>\u00a7 8 Anbieter<br \/>\nGERMAN MILITARY WATCHES<br \/>\nVaceslav Smirnov<br \/>\nKronenstra\u00dfe 1<br \/>\n76133 Karlsruhe<br \/>\nTel: +49 (0) 721-91 51 725<br \/>\nE-mail: info@german-military.eu<\/p>\n<p>\u00a7 9 Schlussbestimmungen<\/p>\n<p>(1) Auf Vertr\u00e4ge zwischen Ihnen und uns findet das Recht der Bundesrepublik Deutschland unter Ausschluss des UN-Kaufrechts Anwendung. Bei Bestellungen von Verbrauchern aus dem Ausland bleiben zwingende Vorschriften oder der durch Richterrecht gew\u00e4hrte Schutz des jeweiligen Aufenthaltslandes bestehen und finden entsprechende Anwendung.<\/p>\n<p>(2) Ist der Kunde Kaufmann, juristische Person des \u00f6ffentlichen Rechts oder \u00f6ffentlich-rechtliches Sonderverm\u00f6gen, ist Erf\u00fcllungsort und ausschlie\u00dflicher Gerichtsstand f\u00fcr alle Streitigkeiten aus diesem Vertrag unser Gesch\u00e4ftssitz. Dasselbe gilt, wenn der Kunde keinen allgemeinen Gerichtsstand in Deutschland hat oder Wohnsitz oder gew\u00f6hnlicher Aufenthalt im Zeitpunkt der Klageerhebung nicht bekannt sind.<\/p>\n<p>(3) Sollten einzelne Bestimmungen des Vertrages mit dem Kunden einschlie\u00dflich dieser AGB ganz oder teilweise unwirksam sein oder werden, so wird hierdurch die G\u00fcltigkeit der \u00fcbrigen Bestimmungen nicht ber\u00fchrt.<\/p>\n<hr \/>\n<p>Datenschutzhinweis<br \/>\nBeim Umgang mit Ihren Daten lassen wir gr\u00f6\u00dftm\u00f6gliche Sicherheit walten. Die Verarbeitung Ihrer Daten erfolgt daher unter strikter Einhaltung der gesetzlichen Regelungen. Soweit Sie uns personenbezogene Daten \u2013 z. B. im Rahmen des Bestellvorgangs \u2013 mitteilen, werden diese gespeichert und nur an Dritte weitergegeben, soweit es f\u00fcr die Abwicklung der Bestellung erforderlich ist.<br \/>\nFerner werden Adress- und Bestelldaten f\u00fcr eigene Marketingzwecke erhoben und verarbeitet, um Sie im Rahmen einer fortlaufenden Kundenbetreuung \u00fcber unseren Service sowie interessante Angebote und Dienstleistungen informieren zu k\u00f6nnen.<br \/>\nHinweis:<br \/>\nSie k\u00f6nnen der Nutzung, Verarbeitung und \u00dcbermittlung Ihrer personenbezogenen Daten zu Marketingzwecken jederzeit durch eine formlose Mitteilung an GERMAN MILITARY WATCHES, Vaceslav Smirnov, Kronenstra\u00dfe 1, 76133 Karlsruhe, Tel: +49 (0) 721-91 51 725, E-mail: info@german-military.eu widersprechen. Dies gilt allerdings nicht f\u00fcr die zur Abwicklung Ihrer Bestellung erforderlichen Daten. Nach Erhalt Ihres Widerspruchs werden wir die betroffenen Daten nicht mehr zu anderen Zwecken als zur Abwicklung Ihrer Bestellung nutzen, verarbeiten und \u00fcbermitteln sowie die weitere Versendung von Werbemitteln einstellen.<\/p>\n<hr \/>\n<p>&nbsp;<\/p>\n","protected":false},"excerpt":{"rendered":"<p>Allgemeine Geschaftsbedingungen (AGB) Hier finden Sie wichtige Informationen \u00fcber das Einkaufen bei German Military Watches, Inh. Vaceslav Smirnov, Kronenstra\u00dfe 1, 76133 Karlsruhe. Die nachfolgenden Gesch\u00e4ftsbedingungen regeln das Vertragsverh\u00e4ltnis zwischen Ihnen und uns. Bitte lesen Sie sich daher die nachfolgenden Bedingungen aufmerksam durch. Sofern Sie gewerblicher K\u00e4ufer sind und eigene Allgemeine Gesch\u00e4ftsbedingungen verwenden, erkennen wir diese &#8230; <a class=\"more-link\" href=\"http:\/\/german-military.eu\/?page_id=31\"><\/a><\/p>\n","protected":false},"author":1,"featured_media":0,"parent":0,"menu_order":0,"comment_status":"closed","ping_status":"closed","template":"","meta":[],"_links":{"self":[{"href":"http:\/\/german-military.eu\/index.php?rest_route=\/wp\/v2\/pages\/31"}],"collection":[{"href":"http:\/\/german-military.eu\/index.php?rest_route=\/wp\/v2\/pages"}],"about":[{"href":"http:\/\/german-military.eu\/index.php?rest_route=\/wp\/v2\/types\/page"}],"author":[{"embeddable":true,"href":"http:\/\/german-military.eu\/index.php?rest_route=\/wp\/v2\/users\/1"}],"replies":[{"embeddable":true,"href":"http:\/\/german-military.eu\/index.php?rest_route=%2Fwp%2Fv2%2Fcomments&post=31"}],"version-history":[{"count":4,"href":"http:\/\/german-military.eu\/index.php?rest_route=\/wp\/v2\/pages\/31\/revisions"}],"predecessor-version":[{"id":310,"href":"http:\/\/german-military.eu\/index.php?rest_route=\/wp\/v2\/pages\/31\/revisions\/310"}],"wp:attachment":[{"href":"http:\/\/german-military.eu\/index.php?rest_route=%2Fwp%2Fv2%2Fmedia&parent=31"}],"curies":[{"name":"wp","href":"https:\/\/api.w.org\/{rel}","templated":true}]}}